{"id":14,"date":"2024-08-14T13:57:31","date_gmt":"2024-08-14T13:57:31","guid":{"rendered":"https:\/\/kadrowezagadki.pl\/?page_id=14"},"modified":"2024-08-15T13:12:03","modified_gmt":"2024-08-15T13:12:03","slug":"blog","status":"publish","type":"page","link":"https:\/\/kadrowezagadki.pl\/index.php\/blog\/","title":{"rendered":"Blog"},"content":{"rendered":"\n<div class=\"wp-block-group alignwide has-global-padding is-layout-constrained wp-block-group-is-layout-constrained\">\n<div class=\"wp-block-columns is-layout-flex wp-container-core-columns-is-layout-28f84493 wp-block-columns-is-layout-flex\">\n<div class=\"wp-block-column is-layout-flow wp-block-column-is-layout-flow\" style=\"flex-basis:100%\">\n<div class=\"wp-block-group is-vertical is-layout-flex wp-container-core-group-is-layout-fe9cc265 wp-block-group-is-layout-flex\">\n<p class=\"has-text-align-center\">Do\u0142\u0105cz do nas na Instagramie!<\/p>\n\n\n\n<p class=\"has-text-align-left\">Chcesz by\u0107 na bie\u017c\u0105co z najnowszymi informacjami z zakresu kadr i p\u0142ac? A mo\u017ce szukasz inspiracji oraz praktycznych wskaz\u00f3wek, kt\u00f3re pomog\u0105 Ci w codziennej pracy? Zapraszamy na nasz profil na Instagramie!<\/p>\n\n\n\n<p>Na naszym koncie znajdziesz:<\/p>\n\n\n\n<ul class=\"wp-block-list\">\n<li>Aktualne porady dotycz\u0105ce prawa pracy i zarz\u0105dzania kadrami,<\/li>\n\n\n\n<li>Ciekawostki i infografiki, kt\u00f3re u\u0142atwi\u0105 zrozumienie z\u0142o\u017conych przepis\u00f3w,<\/li>\n\n\n\n<li>Nowo\u015bci o naszych e-bookach, w tym specjalne promocje i kody rabatowe,<\/li>\n\n\n\n<li>Zajrzyj za kulisy naszego sklepu i poznaj nas lepiej!<\/li>\n<\/ul>\n\n\n\n<p>Nie przegap \u017cadnego postu \u2013 obserwuj nas ju\u017c dzi\u015b i b\u0105d\u017a cz\u0119\u015bci\u0105 naszej spo\u0142eczno\u015bci!<\/p>\n\n\n\n<p><a href=\"https:\/\/www.instagram.com\/kadrowe_zagadki\">Zacznij obserwowa\u0107 nas na Instagramie<\/a><\/p>\n<\/div>\n<\/div>\n<\/div>\n<\/div>\n\n\n\n<div class=\"wp-block-jetpack-instagram-gallery\"><a href=\"https:\/\/www.instagram.com\/kadrowe_zagadki\/\" rel=\"noopener noreferrer\" target=\"_blank\">https:\/\/www.instagram.com\/kadrowe_zagadki\/<\/a><\/div>\n","protected":false},"excerpt":{"rendered":"<p>Do\u0142\u0105cz do nas na Instagramie! Chcesz by\u0107 na bie\u017c\u0105co z najnowszymi informacjami z zakresu kadr i p\u0142ac? A mo\u017ce szukasz inspiracji oraz praktycznych wskaz\u00f3wek, kt\u00f3re pomog\u0105 Ci w codziennej pracy? Zapraszamy na nasz profil na Instagramie! Na naszym koncie znajdziesz: Nie przegap \u017cadnego postu \u2013 obserwuj nas ju\u017c dzi\u015b i b\u0105d\u017a cz\u0119\u015bci\u0105 naszej spo\u0142eczno\u015bci! Zacznij [&hellip;]<\/p>\n","protected":false},"author":1,"featured_media":0,"parent":0,"menu_order":0,"comment_status":"closed","ping_status":"closed","template":"","meta":{"footnotes":""},"class_list":["post-14","page","type-page","status-publish","hentry"],"_links":{"self":[{"href":"https:\/\/kadrowezagadki.pl\/index.php\/wp-json\/wp\/v2\/pages\/14","targetHints":{"allow":["GET"]}}],"collection":[{"href":"https:\/\/kadrowezagadki.pl\/index.php\/wp-json\/wp\/v2\/pages"}],"about":[{"href":"https:\/\/kadrowezagadki.pl\/index.php\/wp-json\/wp\/v2\/types\/page"}],"author":[{"embeddable":true,"href":"https:\/\/kadrowezagadki.pl\/index.php\/wp-json\/wp\/v2\/users\/1"}],"replies":[{"embeddable":true,"href":"https:\/\/kadrowezagadki.pl\/index.php\/wp-json\/wp\/v2\/comments?post=14"}],"version-history":[{"count":10,"href":"https:\/\/kadrowezagadki.pl\/index.php\/wp-json\/wp\/v2\/pages\/14\/revisions"}],"predecessor-version":[{"id":152,"href":"https:\/\/kadrowezagadki.pl\/index.php\/wp-json\/wp\/v2\/pages\/14\/revisions\/152"}],"wp:attachment":[{"href":"https:\/\/kadrowezagadki.pl\/index.php\/wp-json\/wp\/v2\/media?parent=14"}],"curies":[{"name":"wp","href":"https:\/\/api.w.org\/{rel}","templated":true}]}}