{"id":203,"date":"2024-08-29T11:20:22","date_gmt":"2024-08-29T11:20:22","guid":{"rendered":"https:\/\/kadrowezagadki.pl\/?page_id=203"},"modified":"2024-09-06T10:16:38","modified_gmt":"2024-09-06T10:16:38","slug":"newsletter-2","status":"publish","type":"page","link":"https:\/\/kadrowezagadki.pl\/index.php\/newsletter-2\/","title":{"rendered":"Newsletter"},"content":{"rendered":"\n<div class=\"wp-block-group alignwide has-global-padding is-layout-constrained wp-block-group-is-layout-constrained\">\n<div class=\"wp-block-group alignwide is-vertical is-layout-flex wp-container-core-group-is-layout-fe9cc265 wp-block-group-is-layout-flex\">\n<p class=\"has-text-align-center\"><strong>Cze\u015b\u0107!<\/strong><\/p>\n\n\n\n<p>Chcesz by\u0107 na bie\u017c\u0105co z najnowszymi trendami i zmianami w dziedzinie kadr i p\u0142ac? <\/p>\n\n\n\n<p>Marzysz o zdobyciu praktycznych porad i wskaz\u00f3wek, kt\u00f3re pomog\u0105 Ci w codziennej pracy? \u015awietnie trafi\u0142e\u015b!<\/p>\n\n\n\n<p>Do\u0142\u0105cz do newslettera, aby:<\/p>\n\n\n\n<ul class=\"wp-block-list\">\n<li>Otrzymywa\u0107 regularne informacje o najnowszych przepisach prawnych, kt\u00f3re maj\u0105 wp\u0142yw na kadry i p\u0142ace.<\/li>\n\n\n\n<li>Pozna\u0107 najlepsze praktyki i porady dotycz\u0105ce zarz\u0105dzania pracownikami, wynagrodzeniami i benefitami.<\/li>\n\n\n\n<li>Zyska\u0107 dost\u0119p do ekskluzywnych materia\u0142\u00f3w, artyku\u0142\u00f3w i poradnik\u00f3w, kt\u00f3re pomog\u0105 Ci podnie\u015b\u0107 swoje kwalifikacje.<\/li>\n\n\n\n<li>Dowiedzie\u0107 si\u0119 o najnowszych ofertach i promocjach w naszym sklepie, kt\u00f3re pomog\u0105 Ci zaoszcz\u0119dzi\u0107 czas i pieni\u0105dze.<\/li>\n<\/ul>\n\n\n\n<p><strong>Dlaczego warto?<\/strong><\/p>\n\n\n\n<p>Zarz\u0105dzanie kadrami i p\u0142acami to nie tylko obowi\u0105zek, ale te\u017c sztuka, kt\u00f3r\u0105 warto rozwija\u0107. <br>M\u00f3j newsletter to nieocenione \u017ar\u00f3d\u0142o wiedzy, kt\u00f3re pomo\u017ce Ci by\u0107 zawsze krok przed innymi.<br> Niezale\u017cnie od tego, czy jeste\u015b do\u015bwiadczonym specjalist\u0105, czy dopiero zaczynasz swoj\u0105 przygod\u0119 z kadrami, znajdziesz u nas co\u015b dla siebie.<\/p>\n\n\n\n<p><strong>Zapisz si\u0119 teraz!<\/strong><\/p>\n\n\n\n<p>Nie przegap okazji \u2013 zapisz si\u0119 do newslettera i do\u0142\u0105cz do spo\u0142eczno\u015bci profesjonalist\u00f3w, kt\u00f3rzy nieustannie podnosz\u0105 swoje kompetencje. <\/p>\n\n\n\n<p><\/p>\n\n\n\n<p><\/p>\n\n\n\n<p>Dzi\u0119kujemy, \u017ce jeste\u015b z nami!<\/p>\n<\/div>\n<\/div>\n\n\n\n\n\n<p><\/p>\n","protected":false},"excerpt":{"rendered":"<p>Cze\u015b\u0107! Chcesz by\u0107 na bie\u017c\u0105co z najnowszymi trendami i zmianami w dziedzinie kadr i p\u0142ac? Marzysz o zdobyciu praktycznych porad i wskaz\u00f3wek, kt\u00f3re pomog\u0105 Ci w codziennej pracy? \u015awietnie trafi\u0142e\u015b! Do\u0142\u0105cz do newslettera, aby: Dlaczego warto? Zarz\u0105dzanie kadrami i p\u0142acami to nie tylko obowi\u0105zek, ale te\u017c sztuka, kt\u00f3r\u0105 warto rozwija\u0107. M\u00f3j newsletter to nieocenione \u017ar\u00f3d\u0142o [&hellip;]<\/p>\n","protected":false},"author":1,"featured_media":0,"parent":0,"menu_order":0,"comment_status":"closed","ping_status":"closed","template":"","meta":{"footnotes":""},"class_list":["post-203","page","type-page","status-publish","hentry"],"_links":{"self":[{"href":"https:\/\/kadrowezagadki.pl\/index.php\/wp-json\/wp\/v2\/pages\/203","targetHints":{"allow":["GET"]}}],"collection":[{"href":"https:\/\/kadrowezagadki.pl\/index.php\/wp-json\/wp\/v2\/pages"}],"about":[{"href":"https:\/\/kadrowezagadki.pl\/index.php\/wp-json\/wp\/v2\/types\/page"}],"author":[{"embeddable":true,"href":"https:\/\/kadrowezagadki.pl\/index.php\/wp-json\/wp\/v2\/users\/1"}],"replies":[{"embeddable":true,"href":"https:\/\/kadrowezagadki.pl\/index.php\/wp-json\/wp\/v2\/comments?post=203"}],"version-history":[{"count":16,"href":"https:\/\/kadrowezagadki.pl\/index.php\/wp-json\/wp\/v2\/pages\/203\/revisions"}],"predecessor-version":[{"id":243,"href":"https:\/\/kadrowezagadki.pl\/index.php\/wp-json\/wp\/v2\/pages\/203\/revisions\/243"}],"wp:attachment":[{"href":"https:\/\/kadrowezagadki.pl\/index.php\/wp-json\/wp\/v2\/media?parent=203"}],"curies":[{"name":"wp","href":"https:\/\/api.w.org\/{rel}","templated":true}]}}