{"id":254,"date":"2024-11-29T02:55:39","date_gmt":"2024-11-29T02:55:39","guid":{"rendered":"https:\/\/kadrowezagadki.pl\/index.php\/produkt\/konsultacja-kadrowo-placowa-30min\/"},"modified":"2024-11-29T02:55:43","modified_gmt":"2024-11-29T02:55:43","slug":"konsultacja-kadrowo-placowa-30min","status":"publish","type":"product","link":"https:\/\/kadrowezagadki.pl\/index.php\/produkt\/konsultacja-kadrowo-placowa-30min\/","title":{"rendered":"Konsultacja kadrowo p\u0142acowa 30min"},"content":{"rendered":"<p>Masz pytania dotycz\u0105ce Twoich praw pracowniczych? Zastanawiasz si\u0119, czy prawid\u0142owo naliczono Twoje wynagrodzenie? Oferuj\u0119 profesjonalne konsultacje w zakresie kadr i p\u0142ac, kt\u00f3re pomog\u0105 Ci lepiej zrozumie\u0107 swoje prawa i obowi\u0105zki jako pracownika.<\/p>\n<p>Podczas konsultacji mog\u0119 pom\u00f3c w:<\/p>\n<ul>\n<li>Wyja\u015bnieniu kwestii zwi\u0105zanych z umow\u0105 o prac\u0119, aneksami i innymi dokumentami kadrowymi.<\/li>\n<li>Sprawdzeniu poprawno\u015bci naliczenia wynagrodze\u0144, nadgodzin, urlop\u00f3w oraz innych \u015bwiadcze\u0144 pracowniczych.<\/li>\n<li>Rozwi\u0105zaniu problem\u00f3w zwi\u0105zanych z ewidencj\u0105 czasu pracy i grafikiem.<\/li>\n<li>Doradztwie w sprawach zwi\u0105zanych z rozwi\u0105zaniem umowy, wypowiedzeniem, czy zmian\u0105 warunk\u00f3w zatrudnienia.<\/li>\n<li>Interpretacji przepis\u00f3w prawa pracy, kt\u00f3re mog\u0105 wp\u0142ywa\u0107 na Twoj\u0105 sytuacj\u0119 zawodow\u0105.<\/li>\n<\/ul>\n<p>Konsultacje s\u0105 dostosowane do Twoich potrzeb, aby\u015b m\u00f3g\u0142\/mog\u0142a lepiej zrozumie\u0107 swoje prawa i zadba\u0107 o swoje interesy jako pracownik.<\/p>\n<p>Skontaktuj si\u0119 ze mn\u0105, aby uzyska\u0107 wsparcie i porady, kt\u00f3re pomog\u0105 Ci czu\u0107 si\u0119 pewniej w miejscu pracy.<\/p>\n<p>*1 konsultacja trwa 30minut<\/p>\n","protected":false},"excerpt":{"rendered":"<p>Masz pytania dotycz\u0105ce Twoich praw pracowniczych? Zastanawiasz si\u0119, czy prawid\u0142owo naliczono Twoje wynagrodzenie? Oferuj\u0119 profesjonalne konsultacje w zakresie kadr i p\u0142ac, kt\u00f3re pomog\u0105 Ci lepiej zrozumie\u0107 swoje prawa i obowi\u0105zki jako pracownika. Podczas konsultacji mog\u0119 pom\u00f3c w: Wyja\u015bnieniu kwestii zwi\u0105zanych z umow\u0105 o prac\u0119, aneksami i innymi dokumentami kadrowymi. Sprawdzeniu poprawno\u015bci naliczenia wynagrodze\u0144, nadgodzin, urlop\u00f3w [&hellip;]<\/p>\n","protected":false},"featured_media":29,"comment_status":"open","ping_status":"closed","template":"","meta":[],"product_brand":[],"product_cat":[18],"product_tag":[],"mwb_booking_cost":[],"mwb_booking_service":[],"class_list":{"0":"post-254","1":"product","2":"type-product","3":"status-publish","4":"has-post-thumbnail","6":"product_cat-bez-kategorii","8":"first","9":"instock","10":"virtual","11":"taxable","12":"purchasable","13":"product-type-simple"},"_links":{"self":[{"href":"https:\/\/kadrowezagadki.pl\/index.php\/wp-json\/wp\/v2\/product\/254","targetHints":{"allow":["GET"]}}],"collection":[{"href":"https:\/\/kadrowezagadki.pl\/index.php\/wp-json\/wp\/v2\/product"}],"about":[{"href":"https:\/\/kadrowezagadki.pl\/index.php\/wp-json\/wp\/v2\/types\/product"}],"replies":[{"embeddable":true,"href":"https:\/\/kadrowezagadki.pl\/index.php\/wp-json\/wp\/v2\/comments?post=254"}],"wp:featuredmedia":[{"embeddable":true,"href":"https:\/\/kadrowezagadki.pl\/index.php\/wp-json\/wp\/v2\/media\/29"}],"wp:attachment":[{"href":"https:\/\/kadrowezagadki.pl\/index.php\/wp-json\/wp\/v2\/media?parent=254"}],"wp:term":[{"taxonomy":"product_brand","embeddable":true,"href":"https:\/\/kadrowezagadki.pl\/index.php\/wp-json\/wp\/v2\/product_brand?post=254"},{"taxonomy":"product_cat","embeddable":true,"href":"https:\/\/kadrowezagadki.pl\/index.php\/wp-json\/wp\/v2\/product_cat?post=254"},{"taxonomy":"product_tag","embeddable":true,"href":"https:\/\/kadrowezagadki.pl\/index.php\/wp-json\/wp\/v2\/product_tag?post=254"},{"taxonomy":"mwb_booking_cost","embeddable":true,"href":"https:\/\/kadrowezagadki.pl\/index.php\/wp-json\/wp\/v2\/mwb_booking_cost?post=254"},{"taxonomy":"mwb_booking_service","embeddable":true,"href":"https:\/\/kadrowezagadki.pl\/index.php\/wp-json\/wp\/v2\/mwb_booking_service?post=254"}],"curies":[{"name":"wp","href":"https:\/\/api.w.org\/{rel}","templated":true}]}}