{"id":262,"date":"2024-11-29T10:17:33","date_gmt":"2024-11-29T10:17:33","guid":{"rendered":"https:\/\/kadrowezagadki.pl\/?post_type=product&#038;p=262"},"modified":"2025-11-17T20:05:02","modified_gmt":"2025-11-17T20:05:02","slug":"podstawy-kadr-i-plac-przewodnik-dla-przedsiebiorcow-i-pracownikow","status":"publish","type":"product","link":"https:\/\/kadrowezagadki.pl\/index.php\/produkt\/podstawy-kadr-i-plac-przewodnik-dla-przedsiebiorcow-i-pracownikow\/","title":{"rendered":"Podstawy Kadr i P\u0142ac: Przewodnik dla Przedsi\u0119biorc\u00f3w i Pracownik\u00f3w"},"content":{"rendered":"<p class=\"cvGsUA direction-ltr align-start para-style-body\"><span class=\"OYPEnA font-feature-liga-off font-feature-clig-off font-feature-calt-off text-decoration-none text-strikethrough-none\">Ten przewodnik jest skierowany zar\u00f3wno do przedsi\u0119biorc\u00f3w, jak i pracownik\u00f3w.<\/span><\/p>\n<p class=\"cvGsUA direction-ltr align-start para-style-body\"><span class=\"OYPEnA font-feature-liga-off font-feature-clig-off font-feature-calt-off text-decoration-none text-strikethrough-none\">W\u0142a\u015bciciele ma\u0142ych i \u015brednich firm, kt\u00f3rzy cz\u0119sto samodzielnie zajmuj\u0105 si\u0119 kwestiami kadrowo-p\u0142acowymi, mog\u0105 znale\u017a\u0107 tu praktyczne informacje, kt\u00f3re pomog\u0105 im unika\u0107 najcz\u0119stszych b\u0142\u0119d\u00f3w i uproszcz\u0105 proces zarz\u0105dzania personelem.<br \/>\n<\/span><\/p>\n<p class=\"cvGsUA direction-ltr align-start para-style-body\"><span class=\"OYPEnA font-feature-liga-off font-feature-clig-off font-feature-calt-off text-decoration-none text-strikethrough-none\">Z kolei pracownicy, zw\u0142aszcza ci, kt\u00f3rzy chc\u0105 pog\u0142\u0119bi\u0107 swoj\u0105 wiedz\u0119 na temat praw pracowniczych oraz zasad wynagradzania, b\u0119d\u0105 mogli lepiej zrozumie\u0107, jak dzia\u0142a system kadr i p\u0142ac w ich firmie.<\/span><\/p>\n<p class=\"cvGsUA direction-ltr align-start para-style-body\"><span class=\"OYPEnA font-feature-liga-off font-feature-clig-off font-feature-calt-off text-decoration-none text-strikethrough-none\">Ebook ten jest r\u00f3wnie\u017c idealnym \u017ar\u00f3d\u0142em wiedzy dla os\u00f3b pracuj\u0105cych w dzia\u0142ach HR oraz dla ksi\u0119gowych odpowiedzialnych za naliczanie p\u0142ac, a tak\u017ce dla student\u00f3w, kt\u00f3rzy chc\u0105 zdoby\u0107 praktyczne informacje na temat pracy w kadrach i p\u0142acach.<\/span><\/p>\n<p class=\"cvGsUA direction-ltr align-start para-style-body\"><span class=\"OYPEnA font-feature-liga-off font-feature-clig-off font-feature-calt-off text-decoration-none text-strikethrough-none\">Zapraszam do lektury i odkrywania tajnik\u00f3w zarz\u0105dzania kadrami oraz p\u0142acami, kt\u00f3re stanowi\u0105 fundament sprawnie funkcjonuj\u0105cego przedsi\u0119biorstwa.<\/span><\/p>\n<p class=\"cvGsUA direction-ltr align-start para-style-body\">\n","protected":false},"excerpt":{"rendered":"<p>Ten przewodnik jest skierowany zar\u00f3wno do przedsi\u0119biorc\u00f3w, jak i pracownik\u00f3w. W\u0142a\u015bciciele ma\u0142ych i \u015brednich firm, kt\u00f3rzy cz\u0119sto samodzielnie zajmuj\u0105 si\u0119 kwestiami kadrowo-p\u0142acowymi, mog\u0105 znale\u017a\u0107 tu praktyczne informacje, kt\u00f3re pomog\u0105 im unika\u0107 najcz\u0119stszych b\u0142\u0119d\u00f3w i uproszcz\u0105 proces zarz\u0105dzania personelem. Z kolei pracownicy, zw\u0142aszcza ci, kt\u00f3rzy chc\u0105 pog\u0142\u0119bi\u0107 swoj\u0105 wiedz\u0119 na temat praw pracowniczych oraz zasad wynagradzania, [&hellip;]<\/p>\n","protected":false},"featured_media":265,"comment_status":"open","ping_status":"closed","template":"","meta":[],"product_brand":[],"product_cat":[19],"product_tag":[],"mwb_booking_cost":[],"mwb_booking_service":[],"class_list":{"0":"post-262","1":"product","2":"type-product","3":"status-publish","4":"has-post-thumbnail","6":"product_cat-ebook","8":"first","9":"instock","10":"downloadable","11":"virtual","12":"taxable","13":"purchasable","14":"product-type-simple"},"_links":{"self":[{"href":"https:\/\/kadrowezagadki.pl\/index.php\/wp-json\/wp\/v2\/product\/262","targetHints":{"allow":["GET"]}}],"collection":[{"href":"https:\/\/kadrowezagadki.pl\/index.php\/wp-json\/wp\/v2\/product"}],"about":[{"href":"https:\/\/kadrowezagadki.pl\/index.php\/wp-json\/wp\/v2\/types\/product"}],"replies":[{"embeddable":true,"href":"https:\/\/kadrowezagadki.pl\/index.php\/wp-json\/wp\/v2\/comments?post=262"}],"wp:featuredmedia":[{"embeddable":true,"href":"https:\/\/kadrowezagadki.pl\/index.php\/wp-json\/wp\/v2\/media\/265"}],"wp:attachment":[{"href":"https:\/\/kadrowezagadki.pl\/index.php\/wp-json\/wp\/v2\/media?parent=262"}],"wp:term":[{"taxonomy":"product_brand","embeddable":true,"href":"https:\/\/kadrowezagadki.pl\/index.php\/wp-json\/wp\/v2\/product_brand?post=262"},{"taxonomy":"product_cat","embeddable":true,"href":"https:\/\/kadrowezagadki.pl\/index.php\/wp-json\/wp\/v2\/product_cat?post=262"},{"taxonomy":"product_tag","embeddable":true,"href":"https:\/\/kadrowezagadki.pl\/index.php\/wp-json\/wp\/v2\/product_tag?post=262"},{"taxonomy":"mwb_booking_cost","embeddable":true,"href":"https:\/\/kadrowezagadki.pl\/index.php\/wp-json\/wp\/v2\/mwb_booking_cost?post=262"},{"taxonomy":"mwb_booking_service","embeddable":true,"href":"https:\/\/kadrowezagadki.pl\/index.php\/wp-json\/wp\/v2\/mwb_booking_service?post=262"}],"curies":[{"name":"wp","href":"https:\/\/api.w.org\/{rel}","templated":true}]}}