{"id":285,"date":"2025-11-17T21:02:39","date_gmt":"2025-11-17T21:02:39","guid":{"rendered":"https:\/\/kadrowezagadki.pl\/?post_type=product&#038;p=285"},"modified":"2025-11-17T21:02:39","modified_gmt":"2025-11-17T21:02:39","slug":"zaplanuj-kalendarz-2026","status":"publish","type":"product","link":"https:\/\/kadrowezagadki.pl\/index.php\/produkt\/zaplanuj-kalendarz-2026\/","title":{"rendered":"Zaplanuj kalendarz 2026"},"content":{"rendered":"<p data-start=\"197\" data-end=\"432\">Planujesz maksymalnie wykorzysta\u0107 dni wolne w 2026 roku? Ten Planer Urlopowy zosta\u0142 stworzony w\u0142a\u015bnie po to, aby pom\u00f3c Ci sprytnie \u0142\u0105czy\u0107 \u015bwi\u0119ta z urlopem i zyska\u0107 jak najwi\u0119cej wolnego przy jak najmniejszej liczbie wykorzystanych dni.<\/p>\n<p style=\"text-align: left;\" data-start=\"434\" data-end=\"458\"><strong data-start=\"434\" data-end=\"456\">Co zawiera planer?<br \/>\n<\/strong><strong data-start=\"461\" data-end=\"514\">Przegl\u0105d wszystkich \u015bwi\u0105t pa\u0144stwowych w 2026 roku<br \/>\n<\/strong><strong data-start=\"519\" data-end=\"558\">Gotowe propozycje d\u0142ugich weekend\u00f3w<\/strong> \u2013 z dok\u0142adn\u0105 liczb\u0105 dni urlopowych, jakie warto wzi\u0105\u0107<br \/>\n<strong data-start=\"617\" data-end=\"649\">Przejrzysty kalendarz roczny<\/strong> z wyr\u00f3\u017cnionymi dniami wolnymi|<br \/>\n<strong data-start=\"684\" data-end=\"726\">Miejsce na planowanie w\u0142asnych urlop\u00f3w<\/strong> i wyjazd\u00f3w<br \/>\n<strong data-start=\"742\" data-end=\"760\">Czytelny uk\u0142ad<\/strong>, idealny do szybkiego sprawdzenia, jak u\u0142o\u017cy\u0107 wolne w r\u00f3\u017cnych miesi\u0105cach<\/p>\n<p><strong data-start=\"837\" data-end=\"866\">Dla kogo jest ten planer?<\/strong><br data-start=\"866\" data-end=\"869\" \/>Dla ka\u017cdego, kto chce:<br \/>\nefektywnie zaplanowa\u0107 urlop,<br \/>\nwykorzysta\u0107 d\u0142ugie weekendy w 100%,<br \/>\nz wyprzedzeniem ustali\u0107 czas wolny z rodzin\u0105, znajomymi lub pod podr\u00f3\u017ce,<br \/>\nuporz\u0105dkowa\u0107 wszystkie dni wolne w jednym miejscu.<\/p>\n<p data-start=\"1098\" data-end=\"1251\"><strong data-start=\"1098\" data-end=\"1117\">Dlaczego warto?<\/strong><br data-start=\"1117\" data-end=\"1120\" \/>Bo dobrze zaplanowany rok to wi\u0119cej odpoczynku, mniej stresu i wi\u0119cej okazji do regeneracji \u2013 bez zb\u0119dnego tracenia dni urlopowych.<\/p>\n","protected":false},"excerpt":{"rendered":"<p>Planujesz maksymalnie wykorzysta\u0107 dni wolne w 2026 roku? Ten Planer Urlopowy zosta\u0142 stworzony w\u0142a\u015bnie po to, aby pom\u00f3c Ci sprytnie \u0142\u0105czy\u0107 \u015bwi\u0119ta z urlopem i zyska\u0107 jak najwi\u0119cej wolnego przy jak najmniejszej liczbie wykorzystanych dni. Co zawiera planer? Przegl\u0105d wszystkich \u015bwi\u0105t pa\u0144stwowych w 2026 roku Gotowe propozycje d\u0142ugich weekend\u00f3w \u2013 z dok\u0142adn\u0105 liczb\u0105 dni urlopowych, [&hellip;]<\/p>\n","protected":false},"featured_media":288,"comment_status":"open","ping_status":"closed","template":"","meta":[],"product_brand":[],"product_cat":[18],"product_tag":[],"mwb_booking_cost":[],"mwb_booking_service":[],"class_list":{"0":"post-285","1":"product","2":"type-product","3":"status-publish","4":"has-post-thumbnail","6":"product_cat-bez-kategorii","8":"first","9":"instock","10":"downloadable","11":"virtual","12":"sold-individually","13":"purchasable","14":"product-type-simple"},"_links":{"self":[{"href":"https:\/\/kadrowezagadki.pl\/index.php\/wp-json\/wp\/v2\/product\/285","targetHints":{"allow":["GET"]}}],"collection":[{"href":"https:\/\/kadrowezagadki.pl\/index.php\/wp-json\/wp\/v2\/product"}],"about":[{"href":"https:\/\/kadrowezagadki.pl\/index.php\/wp-json\/wp\/v2\/types\/product"}],"replies":[{"embeddable":true,"href":"https:\/\/kadrowezagadki.pl\/index.php\/wp-json\/wp\/v2\/comments?post=285"}],"wp:featuredmedia":[{"embeddable":true,"href":"https:\/\/kadrowezagadki.pl\/index.php\/wp-json\/wp\/v2\/media\/288"}],"wp:attachment":[{"href":"https:\/\/kadrowezagadki.pl\/index.php\/wp-json\/wp\/v2\/media?parent=285"}],"wp:term":[{"taxonomy":"product_brand","embeddable":true,"href":"https:\/\/kadrowezagadki.pl\/index.php\/wp-json\/wp\/v2\/product_brand?post=285"},{"taxonomy":"product_cat","embeddable":true,"href":"https:\/\/kadrowezagadki.pl\/index.php\/wp-json\/wp\/v2\/product_cat?post=285"},{"taxonomy":"product_tag","embeddable":true,"href":"https:\/\/kadrowezagadki.pl\/index.php\/wp-json\/wp\/v2\/product_tag?post=285"},{"taxonomy":"mwb_booking_cost","embeddable":true,"href":"https:\/\/kadrowezagadki.pl\/index.php\/wp-json\/wp\/v2\/mwb_booking_cost?post=285"},{"taxonomy":"mwb_booking_service","embeddable":true,"href":"https:\/\/kadrowezagadki.pl\/index.php\/wp-json\/wp\/v2\/mwb_booking_service?post=285"}],"curies":[{"name":"wp","href":"https:\/\/api.w.org\/{rel}","templated":true}]}}