{"id":86,"date":"2024-08-14T15:05:34","date_gmt":"2024-08-14T15:05:34","guid":{"rendered":"https:\/\/kadrowezagadki.pl\/?post_type=product&#038;p=86"},"modified":"2024-09-05T05:28:06","modified_gmt":"2024-09-05T05:28:06","slug":"przewodnik-po-zus-co-kiedy-i-jak-zglaszac","status":"publish","type":"product","link":"https:\/\/kadrowezagadki.pl\/index.php\/produkt\/przewodnik-po-zus-co-kiedy-i-jak-zglaszac\/","title":{"rendered":"Przewodnik po ZUS: Co, kiedy i jak zg\u0142asza\u0107"},"content":{"rendered":"<p>Nawigowanie po zawi\u0142o\u015bciach przepis\u00f3w ZUS mo\u017ce by\u0107 wyzwaniem, nawet dla do\u015bwiadczonych specjalist\u00f3w. Nasz e-book, \u201ePrzewodnik po ZUS: Co, kiedy i jak zg\u0142asza\u0107\u201d, zosta\u0142 stworzony z my\u015bl\u0105 o wszystkich, kt\u00f3rzy chc\u0105 mie\u0107 pewno\u015b\u0107, \u017ce ich obowi\u0105zki wobec Zak\u0142adu Ubezpiecze\u0144 Spo\u0142ecznych s\u0105 realizowane bezb\u0142\u0119dnie i na czas.<\/p>\n","protected":false},"excerpt":{"rendered":"<p>Nawigowanie po zawi\u0142o\u015bciach przepis\u00f3w ZUS mo\u017ce by\u0107 wyzwaniem, nawet dla do\u015bwiadczonych specjalist\u00f3w. Nasz e-book, \u201ePrzewodnik po ZUS: Co, kiedy i jak zg\u0142asza\u0107\u201d, zosta\u0142 stworzony z my\u015bl\u0105 o wszystkich, kt\u00f3rzy chc\u0105 mie\u0107 pewno\u015b\u0107, \u017ce ich obowi\u0105zki wobec Zak\u0142adu Ubezpiecze\u0144 Spo\u0142ecznych s\u0105 realizowane bezb\u0142\u0119dnie i na czas.<\/p>\n","protected":false},"featured_media":87,"comment_status":"open","ping_status":"closed","template":"","meta":[],"product_brand":[],"product_cat":[19],"product_tag":[],"mwb_booking_cost":[],"mwb_booking_service":[],"class_list":{"0":"post-86","1":"product","2":"type-product","3":"status-publish","4":"has-post-thumbnail","6":"product_cat-ebook","8":"first","9":"instock","10":"downloadable","11":"virtual","12":"taxable","13":"purchasable","14":"product-type-simple"},"_links":{"self":[{"href":"https:\/\/kadrowezagadki.pl\/index.php\/wp-json\/wp\/v2\/product\/86","targetHints":{"allow":["GET"]}}],"collection":[{"href":"https:\/\/kadrowezagadki.pl\/index.php\/wp-json\/wp\/v2\/product"}],"about":[{"href":"https:\/\/kadrowezagadki.pl\/index.php\/wp-json\/wp\/v2\/types\/product"}],"replies":[{"embeddable":true,"href":"https:\/\/kadrowezagadki.pl\/index.php\/wp-json\/wp\/v2\/comments?post=86"}],"wp:featuredmedia":[{"embeddable":true,"href":"https:\/\/kadrowezagadki.pl\/index.php\/wp-json\/wp\/v2\/media\/87"}],"wp:attachment":[{"href":"https:\/\/kadrowezagadki.pl\/index.php\/wp-json\/wp\/v2\/media?parent=86"}],"wp:term":[{"taxonomy":"product_brand","embeddable":true,"href":"https:\/\/kadrowezagadki.pl\/index.php\/wp-json\/wp\/v2\/product_brand?post=86"},{"taxonomy":"product_cat","embeddable":true,"href":"https:\/\/kadrowezagadki.pl\/index.php\/wp-json\/wp\/v2\/product_cat?post=86"},{"taxonomy":"product_tag","embeddable":true,"href":"https:\/\/kadrowezagadki.pl\/index.php\/wp-json\/wp\/v2\/product_tag?post=86"},{"taxonomy":"mwb_booking_cost","embeddable":true,"href":"https:\/\/kadrowezagadki.pl\/index.php\/wp-json\/wp\/v2\/mwb_booking_cost?post=86"},{"taxonomy":"mwb_booking_service","embeddable":true,"href":"https:\/\/kadrowezagadki.pl\/index.php\/wp-json\/wp\/v2\/mwb_booking_service?post=86"}],"curies":[{"name":"wp","href":"https:\/\/api.w.org\/{rel}","templated":true}]}}